{"id":923,"date":"2025-08-14T16:46:51","date_gmt":"2025-08-14T14:46:51","guid":{"rendered":"https:\/\/www.ballenlinia.com\/?post_type=product&#038;p=923"},"modified":"2025-08-19T14:22:49","modified_gmt":"2025-08-19T12:22:49","slug":"dessuadora-oberta-amb-cremallera-mamut","status":"publish","type":"product","link":"https:\/\/www.ballenlinia.com\/es\/producto\/dessuadora-oberta-amb-cremallera-mamut\/","title":{"rendered":"Sudadera abierta con cremallera MAMUT"},"content":{"rendered":"<p>[et_pb_section fb_built=&#8221;1&#8243; _builder_version=&#8221;4.16&#8243; custom_padding=&#8221;0px||||false|false&#8221; global_colors_info=&#8221;{}&#8221;][et_pb_row _builder_version=&#8221;4.16&#8243; background_size=&#8221;initial&#8221; background_position=&#8221;top_left&#8221; background_repeat=&#8221;repeat&#8221; width=&#8221;100%&#8221; custom_padding=&#8221;0px||0px||false|false&#8221; collapsed=&#8221;on&#8221; global_colors_info=&#8221;{}&#8221;][et_pb_column type=&#8221;4_4&#8243; _builder_version=&#8221;4.16&#8243; custom_padding=&#8221;|||&#8221; global_colors_info=&#8221;{}&#8221; custom_padding__hover=&#8221;|||&#8221;][et_pb_wc_breadcrumb _builder_version=&#8221;4.16&#8243; global_colors_info=&#8221;{}&#8221;][\/et_pb_wc_breadcrumb][et_pb_wc_cart_notice _builder_version=&#8221;4.16&#8243; global_colors_info=&#8221;{}&#8221;][\/et_pb_wc_cart_notice][\/et_pb_column][\/et_pb_row][et_pb_row column_structure=&#8221;1_2,1_2&#8243; _builder_version=&#8221;4.16&#8243; background_size=&#8221;initial&#8221; background_position=&#8221;top_left&#8221; background_repeat=&#8221;repeat&#8221; width=&#8221;100%&#8221; custom_padding=&#8221;0px||||false|false&#8221; collapsed=&#8221;on&#8221; global_colors_info=&#8221;{}&#8221;][et_pb_column type=&#8221;1_2&#8243; _builder_version=&#8221;4.16&#8243; custom_padding=&#8221;|||&#8221; global_colors_info=&#8221;{}&#8221; custom_padding__hover=&#8221;|||&#8221;][et_pb_wc_images _builder_version=&#8221;4.16&#8243; global_colors_info=&#8221;{}&#8221;][\/et_pb_wc_images][\/et_pb_column][et_pb_column type=&#8221;1_2&#8243; _builder_version=&#8221;4.16&#8243; custom_padding=&#8221;|||&#8221; global_colors_info=&#8221;{}&#8221; custom_padding__hover=&#8221;|||&#8221;][et_pb_wc_title _builder_version=&#8221;4.16&#8243; global_colors_info=&#8221;{}&#8221;][\/et_pb_wc_title][et_pb_wc_rating _builder_version=&#8221;4.16&#8243; global_colors_info=&#8221;{}&#8221;][\/et_pb_wc_rating][et_pb_wc_price _builder_version=&#8221;4.27.4&#8243; hover_enabled=&#8221;0&#8243; global_colors_info=&#8221;{}&#8221; sticky_enabled=&#8221;0&#8243;][\/et_pb_wc_price][et_pb_wc_description _builder_version=&#8221;4.16&#8243; global_colors_info=&#8221;{}&#8221;][\/et_pb_wc_description][et_pb_wc_add_to_cart _builder_version=&#8221;4.16&#8243; global_colors_info=&#8221;{}&#8221;][\/et_pb_wc_add_to_cart][et_pb_wc_meta _builder_version=&#8221;4.16&#8243; global_colors_info=&#8221;{}&#8221;][\/et_pb_wc_meta][\/et_pb_column][\/et_pb_row][et_pb_row _builder_version=&#8221;4.16&#8243; background_size=&#8221;initial&#8221; background_position=&#8221;top_left&#8221; background_repeat=&#8221;repeat&#8221; width=&#8221;100%&#8221; collapsed=&#8221;on&#8221; global_colors_info=&#8221;{}&#8221;][et_pb_column type=&#8221;4_4&#8243; _builder_version=&#8221;4.16&#8243; custom_padding=&#8221;|||&#8221; global_colors_info=&#8221;{}&#8221; custom_padding__hover=&#8221;|||&#8221;][et_pb_wc_tabs _builder_version=&#8221;4.16&#8243; global_colors_info=&#8221;{}&#8221;] [\/et_pb_wc_tabs][et_pb_wc_upsells _builder_version=&#8221;4.16&#8243; global_colors_info=&#8221;{}&#8221;][\/et_pb_wc_upsells][et_pb_wc_related_products _builder_version=&#8221;4.16&#8243; global_colors_info=&#8221;{}&#8221;][\/et_pb_wc_related_products][\/et_pb_column][\/et_pb_row][\/et_pb_section]<\/p>\n","protected":false},"excerpt":{"rendered":"<p><strong>Para personalizar pedir informaci\u00f3n<\/strong><\/p>\n<p>Descripci\u00f3n<\/p>\n<p>Sudadera con capucha, cremallera entera y dise\u00f1o bicolor. Confeccionada en tejido felpa 100% poli\u00e9ster con tacto algod\u00f3n y perchado interior para mayor retenci\u00f3n t\u00e9rmica y confort. Capucha con cord\u00f3n regulador, para un mejor ajuste, y tejido de rejilla en su interior que aporta ventilaci\u00f3n. Cintura y pu\u00f1os de canal\u00e9 el\u00e1stico adaptados c\u00f3modamente. Dos bolsillos tipo canguro partido en la cintura para tenerlo todo accesible.<\/p>\n<p><span class=\"HwtZe\" lang=\"ca\"><span class=\"jCAhz\"><span class=\"ryNqvb\"> Composici\u00f3n de colores:<\/span><\/span> <\/span><\/p>\n<p>Rojo loto-blanco - Azul royal-blanco - Negro-Blanco<\/p>\n<p><span class=\"HwtZe\" lang=\"ca\"><span class=\"jCAhz ChMk0b\"><span class=\"ryNqvb\">100% Poli\u00e9ster<\/span><\/span> <\/span><\/p>\n<p><span class=\"HwtZe\" lang=\"ca\"><span class=\"jCAhz\"><span class=\"ryNqvb\">Gramaje: 280 gr<\/span><\/span> m2<\/span><\/p>\n<p>&nbsp;<\/p>","protected":false},"featured_media":928,"comment_status":"closed","ping_status":"closed","template":"","meta":{"_et_pb_use_builder":"on","_et_pb_old_content":"Dessuadora oberta amb caputxa i disseny modern en colors combinats, confeccionada en teixit de pelfa de tacte suau i agradable, perxat a l'interior.\u00a0 \u00a0 \u00a0 \u00a0 \u00a0 \u00a0 \u00a0 \u00a0 \u00a0 \u00a0 \u00a0 \u00a0 \u00a0 \u00a0 \u00a0 \u00a0 \u00a0 \u00a0 Ideal per vestir sobre una altra pe\u00e7a, com a pe\u00e7a d'abric.\u00a0 \u00a0 \u00a0 \u00a0 \u00a0 \u00a0 \u00a0 \u00a0 \u00a0 \u00a0 \u00a0 \u00a0 \u00a0 \u00a0 \u00a0 \u00a0 \u00a0Tancament central amb cremallera frontal completa a contrast i caputxa de doble teixit amb l\u02bbinterior en teixit de reixeta a contrast, ajustable mitjan\u00e7ant un cord\u00f3 regulador.\u00a0 \u00a0 \u00a0 \u00a0 Inclou \u00e0mplies butxaques frontals, tipus cangur partit.\u00a0 \u00a0 \u00a0 \u00a0 \u00a0 \u00a0 \u00a0 \u00a0 \u00a0 \u00a0 \u00a0 \u00a0 \u00a0 \u00a0 \u00a0 \u00a0 \u00a0 \u00a0 \u00a0 \u00a0 \u00a0 \u00a0 \u00a0 Punys i cintura de canal\u00e9 per a un millor ajustament de la pe\u00e7a.\u00a0 \u00a0 \u00a0 \u00a0 \u00a0 \u00a0 \u00a0 \u00a0 \u00a0 \u00a0 \u00a0 \u00a0 \u00a0 \u00a0 Repunt en cises, punys i cintura.\u00a0 \u00a0 \u00a0 \u00a0 \u00a0 \u00a0 \u00a0 \u00a0 \u00a0 \u00a0 \u00a0 \u00a0 \u00a0 \u00a0 \u00a0 \u00a0 \u00a0 \u00a0 \u00a0 \u00a0 \u00a0 \u00a0 \u00a0 \u00a0 \u00a0 \u00a0 \u00a0 \u00a0 \u00a0 \u00a0 \u00a0 \u00a0 \u00a0 \u00a0 \u00a0 \u00a0 \u00a0 \u00a0 \u00a0 \u00a0 \u00a0Crea el teu estil jove i informal.","_et_gb_content_width":""},"product_brand":[],"product_cat":[26],"product_tag":[],"class_list":{"0":"post-923","1":"product","2":"type-product","3":"status-publish","4":"has-post-thumbnail","6":"product_cat-roba","8":"first","9":"instock","10":"taxable","11":"shipping-taxable","12":"purchasable","13":"product-type-variable"},"yoast_head":"<!-- This site is optimized with the Yoast SEO plugin v26.9 - https:\/\/yoast.com\/product\/yoast-seo-wordpress\/ -->\n<title>Dessuadora oberta amb cremallera MAMUT - Ball en L\u00ednia<\/title>\n<meta name=\"robots\" content=\"index, follow, max-snippet:-1, max-image-preview:large, max-video-preview:-1\" \/>\n<link rel=\"canonical\" href=\"https:\/\/www.ballenlinia.com\/es\/producto\/dessuadora-oberta-amb-cremallera-mamut\/\" \/>\n<meta property=\"og:locale\" content=\"es_ES\" \/>\n<meta property=\"og:type\" content=\"article\" \/>\n<meta property=\"og:title\" content=\"Dessuadora oberta amb cremallera MAMUT - Ball en L\u00ednia\" \/>\n<meta property=\"og:description\" content=\"Per personalitzar demanar informaci\u00f3  Descripci\u00f3:  Dessuadora amb caputxa, cremallera sencera i disseny bicolor. Confeccionada en teixit pelfa 100% poli\u00e8ster amb tacte cot\u00f3 i perxat interior per a m\u00e9s retenci\u00f3 t\u00e8rmica i confort. Caputxa amb cord\u00f3 regulador, per a un millor ajustament, i teixit de reixeta al seu interior que aporta ventilaci\u00f3. Cintura i punys de canal\u00e9 el\u00e0stic adaptats c\u00f2modament. Dues butxaques tipus cangur partit a la cintura per tenir-ho tot accessible.   Composici\u00f3 de colors:   Roig loto-blanc - blau royal-blanc - negre - blanc  . 100% Poli\u00e8ster   Gramatge: 280 gr. m2  &nbsp;\" \/>\n<meta property=\"og:url\" content=\"https:\/\/www.ballenlinia.com\/es\/producto\/dessuadora-oberta-amb-cremallera-mamut\/\" \/>\n<meta property=\"og:site_name\" content=\"Ball en L\u00ednia\" \/>\n<meta property=\"article:modified_time\" content=\"2025-08-19T12:22:49+00:00\" \/>\n<meta property=\"og:image\" content=\"https:\/\/www.ballenlinia.com\/wp-content\/uploads\/2025\/08\/sudadera-abierta-con-capucha-mamut-valento.jpg\" \/>\n\t<meta property=\"og:image:width\" content=\"800\" \/>\n\t<meta property=\"og:image:height\" content=\"800\" \/>\n\t<meta property=\"og:image:type\" content=\"image\/jpeg\" \/>\n<meta name=\"twitter:card\" content=\"summary_large_image\" \/>\n<meta name=\"twitter:label1\" content=\"Tiempo de lectura\" \/>\n\t<meta name=\"twitter:data1\" content=\"5 minutos\" \/>\n<script type=\"application\/ld+json\" class=\"yoast-schema-graph\">{\"@context\":\"https:\/\/schema.org\",\"@graph\":[{\"@type\":\"WebPage\",\"@id\":\"https:\/\/www.ballenlinia.com\/producte\/dessuadora-oberta-amb-cremallera-mamut\/\",\"url\":\"https:\/\/www.ballenlinia.com\/producte\/dessuadora-oberta-amb-cremallera-mamut\/\",\"name\":\"Dessuadora oberta amb cremallera MAMUT - Ball en L\u00ednia\",\"isPartOf\":{\"@id\":\"https:\/\/www.ballenlinia.com\/#website\"},\"primaryImageOfPage\":{\"@id\":\"https:\/\/www.ballenlinia.com\/producte\/dessuadora-oberta-amb-cremallera-mamut\/#primaryimage\"},\"image\":{\"@id\":\"https:\/\/www.ballenlinia.com\/producte\/dessuadora-oberta-amb-cremallera-mamut\/#primaryimage\"},\"thumbnailUrl\":\"https:\/\/www.ballenlinia.com\/wp-content\/uploads\/2025\/08\/sudadera-abierta-con-capucha-mamut-valento.jpg\",\"datePublished\":\"2025-08-14T14:46:51+00:00\",\"dateModified\":\"2025-08-19T12:22:49+00:00\",\"breadcrumb\":{\"@id\":\"https:\/\/www.ballenlinia.com\/producte\/dessuadora-oberta-amb-cremallera-mamut\/#breadcrumb\"},\"inLanguage\":\"es\",\"potentialAction\":[{\"@type\":\"ReadAction\",\"target\":[\"https:\/\/www.ballenlinia.com\/producte\/dessuadora-oberta-amb-cremallera-mamut\/\"]}]},{\"@type\":\"ImageObject\",\"inLanguage\":\"es\",\"@id\":\"https:\/\/www.ballenlinia.com\/producte\/dessuadora-oberta-amb-cremallera-mamut\/#primaryimage\",\"url\":\"https:\/\/www.ballenlinia.com\/wp-content\/uploads\/2025\/08\/sudadera-abierta-con-capucha-mamut-valento.jpg\",\"contentUrl\":\"https:\/\/www.ballenlinia.com\/wp-content\/uploads\/2025\/08\/sudadera-abierta-con-capucha-mamut-valento.jpg\",\"width\":800,\"height\":800},{\"@type\":\"BreadcrumbList\",\"@id\":\"https:\/\/www.ballenlinia.com\/producte\/dessuadora-oberta-amb-cremallera-mamut\/#breadcrumb\",\"itemListElement\":[{\"@type\":\"ListItem\",\"position\":1,\"name\":\"Inici\",\"item\":\"https:\/\/www.ballenlinia.com\/\"},{\"@type\":\"ListItem\",\"position\":2,\"name\":\"Botiga\",\"item\":\"https:\/\/www.ballenlinia.com\/botiga\/\"},{\"@type\":\"ListItem\",\"position\":3,\"name\":\"Dessuadora oberta amb cremallera MAMUT\"}]},{\"@type\":\"WebSite\",\"@id\":\"https:\/\/www.ballenlinia.com\/#website\",\"url\":\"https:\/\/www.ballenlinia.com\/\",\"name\":\"Ball en L\u00ednia\",\"description\":\"\",\"potentialAction\":[{\"@type\":\"SearchAction\",\"target\":{\"@type\":\"EntryPoint\",\"urlTemplate\":\"https:\/\/www.ballenlinia.com\/?s={search_term_string}\"},\"query-input\":{\"@type\":\"PropertyValueSpecification\",\"valueRequired\":true,\"valueName\":\"search_term_string\"}}],\"inLanguage\":\"es\"}]}<\/script>\n<!-- \/ Yoast SEO plugin. -->","yoast_head_json":{"title":"Dessuadora oberta amb cremallera MAMUT - Ball en L\u00ednia","robots":{"index":"index","follow":"follow","max-snippet":"max-snippet:-1","max-image-preview":"max-image-preview:large","max-video-preview":"max-video-preview:-1"},"canonical":"https:\/\/www.ballenlinia.com\/es\/producto\/dessuadora-oberta-amb-cremallera-mamut\/","og_locale":"es_ES","og_type":"article","og_title":"Dessuadora oberta amb cremallera MAMUT - Ball en L\u00ednia","og_description":"Per personalitzar demanar informaci\u00f3  Descripci\u00f3:  Dessuadora amb caputxa, cremallera sencera i disseny bicolor. Confeccionada en teixit pelfa 100% poli\u00e8ster amb tacte cot\u00f3 i perxat interior per a m\u00e9s retenci\u00f3 t\u00e8rmica i confort. Caputxa amb cord\u00f3 regulador, per a un millor ajustament, i teixit de reixeta al seu interior que aporta ventilaci\u00f3. Cintura i punys de canal\u00e9 el\u00e0stic adaptats c\u00f2modament. Dues butxaques tipus cangur partit a la cintura per tenir-ho tot accessible.   Composici\u00f3 de colors:   Roig loto-blanc - blau royal-blanc - negre - blanc  . 100% Poli\u00e8ster   Gramatge: 280 gr. m2  &nbsp;","og_url":"https:\/\/www.ballenlinia.com\/es\/producto\/dessuadora-oberta-amb-cremallera-mamut\/","og_site_name":"Ball en L\u00ednia","article_modified_time":"2025-08-19T12:22:49+00:00","og_image":[{"width":800,"height":800,"url":"https:\/\/www.ballenlinia.com\/wp-content\/uploads\/2025\/08\/sudadera-abierta-con-capucha-mamut-valento.jpg","type":"image\/jpeg"}],"twitter_card":"summary_large_image","twitter_misc":{"Tiempo de lectura":"5 minutos"},"schema":{"@context":"https:\/\/schema.org","@graph":[{"@type":"WebPage","@id":"https:\/\/www.ballenlinia.com\/producte\/dessuadora-oberta-amb-cremallera-mamut\/","url":"https:\/\/www.ballenlinia.com\/producte\/dessuadora-oberta-amb-cremallera-mamut\/","name":"Dessuadora oberta amb cremallera MAMUT - Ball en L\u00ednia","isPartOf":{"@id":"https:\/\/www.ballenlinia.com\/#website"},"primaryImageOfPage":{"@id":"https:\/\/www.ballenlinia.com\/producte\/dessuadora-oberta-amb-cremallera-mamut\/#primaryimage"},"image":{"@id":"https:\/\/www.ballenlinia.com\/producte\/dessuadora-oberta-amb-cremallera-mamut\/#primaryimage"},"thumbnailUrl":"https:\/\/www.ballenlinia.com\/wp-content\/uploads\/2025\/08\/sudadera-abierta-con-capucha-mamut-valento.jpg","datePublished":"2025-08-14T14:46:51+00:00","dateModified":"2025-08-19T12:22:49+00:00","breadcrumb":{"@id":"https:\/\/www.ballenlinia.com\/producte\/dessuadora-oberta-amb-cremallera-mamut\/#breadcrumb"},"inLanguage":"es","potentialAction":[{"@type":"ReadAction","target":["https:\/\/www.ballenlinia.com\/producte\/dessuadora-oberta-amb-cremallera-mamut\/"]}]},{"@type":"ImageObject","inLanguage":"es","@id":"https:\/\/www.ballenlinia.com\/producte\/dessuadora-oberta-amb-cremallera-mamut\/#primaryimage","url":"https:\/\/www.ballenlinia.com\/wp-content\/uploads\/2025\/08\/sudadera-abierta-con-capucha-mamut-valento.jpg","contentUrl":"https:\/\/www.ballenlinia.com\/wp-content\/uploads\/2025\/08\/sudadera-abierta-con-capucha-mamut-valento.jpg","width":800,"height":800},{"@type":"BreadcrumbList","@id":"https:\/\/www.ballenlinia.com\/producte\/dessuadora-oberta-amb-cremallera-mamut\/#breadcrumb","itemListElement":[{"@type":"ListItem","position":1,"name":"Inici","item":"https:\/\/www.ballenlinia.com\/"},{"@type":"ListItem","position":2,"name":"Botiga","item":"https:\/\/www.ballenlinia.com\/botiga\/"},{"@type":"ListItem","position":3,"name":"Dessuadora oberta amb cremallera MAMUT"}]},{"@type":"WebSite","@id":"https:\/\/www.ballenlinia.com\/#website","url":"https:\/\/www.ballenlinia.com\/","name":"Ball en L\u00ednia","description":"","potentialAction":[{"@type":"SearchAction","target":{"@type":"EntryPoint","urlTemplate":"https:\/\/www.ballenlinia.com\/?s={search_term_string}"},"query-input":{"@type":"PropertyValueSpecification","valueRequired":true,"valueName":"search_term_string"}}],"inLanguage":"es"}]}},"_links":{"self":[{"href":"https:\/\/www.ballenlinia.com\/es\/wp-json\/wp\/v2\/product\/923","targetHints":{"allow":["GET"]}}],"collection":[{"href":"https:\/\/www.ballenlinia.com\/es\/wp-json\/wp\/v2\/product"}],"about":[{"href":"https:\/\/www.ballenlinia.com\/es\/wp-json\/wp\/v2\/types\/product"}],"replies":[{"embeddable":true,"href":"https:\/\/www.ballenlinia.com\/es\/wp-json\/wp\/v2\/comments?post=923"}],"wp:featuredmedia":[{"embeddable":true,"href":"https:\/\/www.ballenlinia.com\/es\/wp-json\/wp\/v2\/media\/928"}],"wp:attachment":[{"href":"https:\/\/www.ballenlinia.com\/es\/wp-json\/wp\/v2\/media?parent=923"}],"wp:term":[{"taxonomy":"product_brand","embeddable":true,"href":"https:\/\/www.ballenlinia.com\/es\/wp-json\/wp\/v2\/product_brand?post=923"},{"taxonomy":"product_cat","embeddable":true,"href":"https:\/\/www.ballenlinia.com\/es\/wp-json\/wp\/v2\/product_cat?post=923"},{"taxonomy":"product_tag","embeddable":true,"href":"https:\/\/www.ballenlinia.com\/es\/wp-json\/wp\/v2\/product_tag?post=923"}],"curies":[{"name":"wp","href":"https:\/\/api.w.org\/{rel}","templated":true}]}}