{"id":830,"date":"2025-07-17T14:55:39","date_gmt":"2025-07-17T12:55:39","guid":{"rendered":"https:\/\/www.ballenlinia.com\/?post_type=product&#038;p=830"},"modified":"2025-09-08T22:46:23","modified_gmt":"2025-09-08T20:46:23","slug":"corse","status":"publish","type":"product","link":"https:\/\/www.ballenlinia.com\/es\/producto\/corse\/","title":{"rendered":"Cors\u00e9"},"content":{"rendered":"","protected":false},"excerpt":{"rendered":"<div class=\"specification--prop--Jh28bKu\">\n<div class=\"specification--title--SfH3sA8\" data-spm-anchor-id=\"a2g0o.detail.0.i7.7831UwjxUwjxHB\">Composici\u00f3n del material:<\/div>\n<ul>\n<li class=\"specification--desc--Dxx6W0W\" title=\"90% Polyester, 10% Elastane\"><span data-spm-anchor-id=\"a2g0o.detail.0.i8.7831UwjxUwjxHB\">90% Polyester, 10% Elastane.<\/span><\/li>\n<\/ul>\n<\/div>","protected":false},"featured_media":840,"comment_status":"closed","ping_status":"closed","template":"","meta":{"_et_pb_use_builder":"","_et_pb_old_content":"","_et_gb_content_width":""},"product_brand":[],"product_cat":[26],"product_tag":[],"class_list":{"0":"post-830","1":"product","2":"type-product","3":"status-publish","4":"has-post-thumbnail","6":"product_cat-roba","8":"first","9":"instock","10":"taxable","11":"shipping-taxable","12":"purchasable","13":"product-type-variable"},"yoast_head":"<!-- This site is optimized with the Yoast SEO plugin v26.9 - https:\/\/yoast.com\/product\/yoast-seo-wordpress\/ -->\n<title>Cors\u00e9 - Ball en L\u00ednia<\/title>\n<meta name=\"robots\" content=\"index, follow, max-snippet:-1, max-image-preview:large, max-video-preview:-1\" \/>\n<link rel=\"canonical\" href=\"https:\/\/www.ballenlinia.com\/es\/producto\/corse\/\" \/>\n<meta property=\"og:locale\" content=\"es_ES\" \/>\n<meta property=\"og:type\" content=\"article\" \/>\n<meta property=\"og:title\" content=\"Cors\u00e9 - Ball en L\u00ednia\" \/>\n<meta property=\"og:description\" content=\"Composici\u00f3 del material:   90% Polyester, 10% Elastane.\" \/>\n<meta property=\"og:url\" content=\"https:\/\/www.ballenlinia.com\/es\/producto\/corse\/\" \/>\n<meta property=\"og:site_name\" content=\"Ball en L\u00ednia\" \/>\n<meta property=\"article:modified_time\" content=\"2025-09-08T20:46:23+00:00\" \/>\n<meta property=\"og:image\" content=\"https:\/\/www.ballenlinia.com\/wp-content\/uploads\/2025\/07\/CORSE.jpg\" \/>\n\t<meta property=\"og:image:width\" content=\"322\" \/>\n\t<meta property=\"og:image:height\" content=\"324\" \/>\n\t<meta property=\"og:image:type\" content=\"image\/jpeg\" \/>\n<meta name=\"twitter:card\" content=\"summary_large_image\" \/>\n<meta name=\"twitter:label1\" content=\"Tiempo de lectura\" \/>\n\t<meta name=\"twitter:data1\" content=\"1 minuto\" \/>\n<script type=\"application\/ld+json\" class=\"yoast-schema-graph\">{\"@context\":\"https:\/\/schema.org\",\"@graph\":[{\"@type\":\"WebPage\",\"@id\":\"https:\/\/www.ballenlinia.com\/producte\/corse\/\",\"url\":\"https:\/\/www.ballenlinia.com\/producte\/corse\/\",\"name\":\"Cors\u00e9 - Ball en L\u00ednia\",\"isPartOf\":{\"@id\":\"https:\/\/www.ballenlinia.com\/#website\"},\"primaryImageOfPage\":{\"@id\":\"https:\/\/www.ballenlinia.com\/producte\/corse\/#primaryimage\"},\"image\":{\"@id\":\"https:\/\/www.ballenlinia.com\/producte\/corse\/#primaryimage\"},\"thumbnailUrl\":\"https:\/\/www.ballenlinia.com\/wp-content\/uploads\/2025\/07\/CORSE.jpg\",\"datePublished\":\"2025-07-17T12:55:39+00:00\",\"dateModified\":\"2025-09-08T20:46:23+00:00\",\"breadcrumb\":{\"@id\":\"https:\/\/www.ballenlinia.com\/producte\/corse\/#breadcrumb\"},\"inLanguage\":\"es\",\"potentialAction\":[{\"@type\":\"ReadAction\",\"target\":[\"https:\/\/www.ballenlinia.com\/producte\/corse\/\"]}]},{\"@type\":\"ImageObject\",\"inLanguage\":\"es\",\"@id\":\"https:\/\/www.ballenlinia.com\/producte\/corse\/#primaryimage\",\"url\":\"https:\/\/www.ballenlinia.com\/wp-content\/uploads\/2025\/07\/CORSE.jpg\",\"contentUrl\":\"https:\/\/www.ballenlinia.com\/wp-content\/uploads\/2025\/07\/CORSE.jpg\",\"width\":322,\"height\":324},{\"@type\":\"BreadcrumbList\",\"@id\":\"https:\/\/www.ballenlinia.com\/producte\/corse\/#breadcrumb\",\"itemListElement\":[{\"@type\":\"ListItem\",\"position\":1,\"name\":\"Inici\",\"item\":\"https:\/\/www.ballenlinia.com\/\"},{\"@type\":\"ListItem\",\"position\":2,\"name\":\"Botiga\",\"item\":\"https:\/\/www.ballenlinia.com\/botiga\/\"},{\"@type\":\"ListItem\",\"position\":3,\"name\":\"Cors\u00e9\"}]},{\"@type\":\"WebSite\",\"@id\":\"https:\/\/www.ballenlinia.com\/#website\",\"url\":\"https:\/\/www.ballenlinia.com\/\",\"name\":\"Ball en L\u00ednia\",\"description\":\"\",\"potentialAction\":[{\"@type\":\"SearchAction\",\"target\":{\"@type\":\"EntryPoint\",\"urlTemplate\":\"https:\/\/www.ballenlinia.com\/?s={search_term_string}\"},\"query-input\":{\"@type\":\"PropertyValueSpecification\",\"valueRequired\":true,\"valueName\":\"search_term_string\"}}],\"inLanguage\":\"es\"}]}<\/script>\n<!-- \/ Yoast SEO plugin. -->","yoast_head_json":{"title":"Cors\u00e9 - Ball en L\u00ednia","robots":{"index":"index","follow":"follow","max-snippet":"max-snippet:-1","max-image-preview":"max-image-preview:large","max-video-preview":"max-video-preview:-1"},"canonical":"https:\/\/www.ballenlinia.com\/es\/producto\/corse\/","og_locale":"es_ES","og_type":"article","og_title":"Cors\u00e9 - Ball en L\u00ednia","og_description":"Composici\u00f3 del material:   90% Polyester, 10% Elastane.","og_url":"https:\/\/www.ballenlinia.com\/es\/producto\/corse\/","og_site_name":"Ball en L\u00ednia","article_modified_time":"2025-09-08T20:46:23+00:00","og_image":[{"width":322,"height":324,"url":"https:\/\/www.ballenlinia.com\/wp-content\/uploads\/2025\/07\/CORSE.jpg","type":"image\/jpeg"}],"twitter_card":"summary_large_image","twitter_misc":{"Tiempo de lectura":"1 minuto"},"schema":{"@context":"https:\/\/schema.org","@graph":[{"@type":"WebPage","@id":"https:\/\/www.ballenlinia.com\/producte\/corse\/","url":"https:\/\/www.ballenlinia.com\/producte\/corse\/","name":"Cors\u00e9 - Ball en L\u00ednia","isPartOf":{"@id":"https:\/\/www.ballenlinia.com\/#website"},"primaryImageOfPage":{"@id":"https:\/\/www.ballenlinia.com\/producte\/corse\/#primaryimage"},"image":{"@id":"https:\/\/www.ballenlinia.com\/producte\/corse\/#primaryimage"},"thumbnailUrl":"https:\/\/www.ballenlinia.com\/wp-content\/uploads\/2025\/07\/CORSE.jpg","datePublished":"2025-07-17T12:55:39+00:00","dateModified":"2025-09-08T20:46:23+00:00","breadcrumb":{"@id":"https:\/\/www.ballenlinia.com\/producte\/corse\/#breadcrumb"},"inLanguage":"es","potentialAction":[{"@type":"ReadAction","target":["https:\/\/www.ballenlinia.com\/producte\/corse\/"]}]},{"@type":"ImageObject","inLanguage":"es","@id":"https:\/\/www.ballenlinia.com\/producte\/corse\/#primaryimage","url":"https:\/\/www.ballenlinia.com\/wp-content\/uploads\/2025\/07\/CORSE.jpg","contentUrl":"https:\/\/www.ballenlinia.com\/wp-content\/uploads\/2025\/07\/CORSE.jpg","width":322,"height":324},{"@type":"BreadcrumbList","@id":"https:\/\/www.ballenlinia.com\/producte\/corse\/#breadcrumb","itemListElement":[{"@type":"ListItem","position":1,"name":"Inici","item":"https:\/\/www.ballenlinia.com\/"},{"@type":"ListItem","position":2,"name":"Botiga","item":"https:\/\/www.ballenlinia.com\/botiga\/"},{"@type":"ListItem","position":3,"name":"Cors\u00e9"}]},{"@type":"WebSite","@id":"https:\/\/www.ballenlinia.com\/#website","url":"https:\/\/www.ballenlinia.com\/","name":"Ball en L\u00ednia","description":"","potentialAction":[{"@type":"SearchAction","target":{"@type":"EntryPoint","urlTemplate":"https:\/\/www.ballenlinia.com\/?s={search_term_string}"},"query-input":{"@type":"PropertyValueSpecification","valueRequired":true,"valueName":"search_term_string"}}],"inLanguage":"es"}]}},"_links":{"self":[{"href":"https:\/\/www.ballenlinia.com\/es\/wp-json\/wp\/v2\/product\/830","targetHints":{"allow":["GET"]}}],"collection":[{"href":"https:\/\/www.ballenlinia.com\/es\/wp-json\/wp\/v2\/product"}],"about":[{"href":"https:\/\/www.ballenlinia.com\/es\/wp-json\/wp\/v2\/types\/product"}],"replies":[{"embeddable":true,"href":"https:\/\/www.ballenlinia.com\/es\/wp-json\/wp\/v2\/comments?post=830"}],"wp:featuredmedia":[{"embeddable":true,"href":"https:\/\/www.ballenlinia.com\/es\/wp-json\/wp\/v2\/media\/840"}],"wp:attachment":[{"href":"https:\/\/www.ballenlinia.com\/es\/wp-json\/wp\/v2\/media?parent=830"}],"wp:term":[{"taxonomy":"product_brand","embeddable":true,"href":"https:\/\/www.ballenlinia.com\/es\/wp-json\/wp\/v2\/product_brand?post=830"},{"taxonomy":"product_cat","embeddable":true,"href":"https:\/\/www.ballenlinia.com\/es\/wp-json\/wp\/v2\/product_cat?post=830"},{"taxonomy":"product_tag","embeddable":true,"href":"https:\/\/www.ballenlinia.com\/es\/wp-json\/wp\/v2\/product_tag?post=830"}],"curies":[{"name":"wp","href":"https:\/\/api.w.org\/{rel}","templated":true}]}}