{"id":766,"date":"2025-07-17T09:40:15","date_gmt":"2025-07-17T07:40:15","guid":{"rendered":"https:\/\/www.ballenlinia.com\/?post_type=product&#038;p=766"},"modified":"2025-08-19T15:45:46","modified_gmt":"2025-08-19T13:45:46","slug":"gorra","status":"publish","type":"product","link":"https:\/\/www.ballenlinia.com\/es\/producto\/gorra\/","title":{"rendered":"Gorra"},"content":{"rendered":"","protected":false},"excerpt":{"rendered":"<p>Gorra personalizada.<\/p>\n<p>La gorra, 100% algod\u00f3n, tiene una visera con orificios de ventilaci\u00f3n bordados y cierre ajustable de velcro. Es de excelente calidad. Esta gorra es suave al tacto y resiste mejor los lavados. Gran variedad de gama de 9 colores.<\/p>\n<p>Material:<\/p>\n<ul>\n<li>100% Algod\u00f3n Peinado<\/li>\n<\/ul>\n<p>Peso:<\/p>\n<ul>\n<li>0.06 kg.<\/li>\n<\/ul>","protected":false},"featured_media":769,"comment_status":"closed","ping_status":"closed","template":"","meta":{"_et_pb_use_builder":"","_et_pb_old_content":"","_et_gb_content_width":""},"product_brand":[],"product_cat":[25],"product_tag":[],"class_list":{"0":"post-766","1":"product","2":"type-product","3":"status-publish","4":"has-post-thumbnail","6":"product_cat-complements","8":"first","9":"instock","10":"taxable","11":"shipping-taxable","12":"purchasable","13":"product-type-variable"},"yoast_head":"<!-- This site is optimized with the Yoast SEO plugin v26.9 - https:\/\/yoast.com\/product\/yoast-seo-wordpress\/ -->\n<title>Gorra - Ball en L\u00ednia<\/title>\n<meta name=\"robots\" content=\"index, follow, max-snippet:-1, max-image-preview:large, max-video-preview:-1\" \/>\n<link rel=\"canonical\" href=\"https:\/\/www.ballenlinia.com\/es\/producto\/gorra\/\" \/>\n<meta property=\"og:locale\" content=\"es_ES\" \/>\n<meta property=\"og:type\" content=\"article\" \/>\n<meta property=\"og:title\" content=\"Gorra - Ball en L\u00ednia\" \/>\n<meta property=\"og:description\" content=\"Gorra personalitzada.  La gorra, 100% cot\u00f3 t\u00e9 una visera amb orificis de ventilaci\u00f3 brodats i tancament ajustable de velcro. \u00c9s de molt bona qualitat. Aquesta gorra \u00e9s suau al tacte i resisteix millor les rentades. Gran varietat de gamma de 9 colors.  Material:   100% Cot\u00f3 Pentinat  Pes:   0.06 kg.\" \/>\n<meta property=\"og:url\" content=\"https:\/\/www.ballenlinia.com\/es\/producto\/gorra\/\" \/>\n<meta property=\"og:site_name\" content=\"Ball en L\u00ednia\" \/>\n<meta property=\"article:modified_time\" content=\"2025-08-19T13:45:46+00:00\" \/>\n<meta property=\"og:image\" content=\"https:\/\/www.ballenlinia.com\/wp-content\/uploads\/2025\/07\/Gorra_blava_detall.jpg\" \/>\n\t<meta property=\"og:image:width\" content=\"500\" \/>\n\t<meta property=\"og:image:height\" content=\"500\" \/>\n\t<meta property=\"og:image:type\" content=\"image\/jpeg\" \/>\n<meta name=\"twitter:card\" content=\"summary_large_image\" \/>\n<meta name=\"twitter:label1\" content=\"Tiempo de lectura\" \/>\n\t<meta name=\"twitter:data1\" content=\"1 minuto\" \/>\n<script type=\"application\/ld+json\" class=\"yoast-schema-graph\">{\"@context\":\"https:\/\/schema.org\",\"@graph\":[{\"@type\":\"WebPage\",\"@id\":\"https:\/\/www.ballenlinia.com\/producte\/gorra\/\",\"url\":\"https:\/\/www.ballenlinia.com\/producte\/gorra\/\",\"name\":\"Gorra - Ball en L\u00ednia\",\"isPartOf\":{\"@id\":\"https:\/\/www.ballenlinia.com\/#website\"},\"primaryImageOfPage\":{\"@id\":\"https:\/\/www.ballenlinia.com\/producte\/gorra\/#primaryimage\"},\"image\":{\"@id\":\"https:\/\/www.ballenlinia.com\/producte\/gorra\/#primaryimage\"},\"thumbnailUrl\":\"https:\/\/www.ballenlinia.com\/wp-content\/uploads\/2025\/07\/Gorra_blava_detall.jpg\",\"datePublished\":\"2025-07-17T07:40:15+00:00\",\"dateModified\":\"2025-08-19T13:45:46+00:00\",\"breadcrumb\":{\"@id\":\"https:\/\/www.ballenlinia.com\/producte\/gorra\/#breadcrumb\"},\"inLanguage\":\"es\",\"potentialAction\":[{\"@type\":\"ReadAction\",\"target\":[\"https:\/\/www.ballenlinia.com\/producte\/gorra\/\"]}]},{\"@type\":\"ImageObject\",\"inLanguage\":\"es\",\"@id\":\"https:\/\/www.ballenlinia.com\/producte\/gorra\/#primaryimage\",\"url\":\"https:\/\/www.ballenlinia.com\/wp-content\/uploads\/2025\/07\/Gorra_blava_detall.jpg\",\"contentUrl\":\"https:\/\/www.ballenlinia.com\/wp-content\/uploads\/2025\/07\/Gorra_blava_detall.jpg\",\"width\":500,\"height\":500},{\"@type\":\"BreadcrumbList\",\"@id\":\"https:\/\/www.ballenlinia.com\/producte\/gorra\/#breadcrumb\",\"itemListElement\":[{\"@type\":\"ListItem\",\"position\":1,\"name\":\"Inici\",\"item\":\"https:\/\/www.ballenlinia.com\/\"},{\"@type\":\"ListItem\",\"position\":2,\"name\":\"Botiga\",\"item\":\"https:\/\/www.ballenlinia.com\/botiga\/\"},{\"@type\":\"ListItem\",\"position\":3,\"name\":\"Gorra\"}]},{\"@type\":\"WebSite\",\"@id\":\"https:\/\/www.ballenlinia.com\/#website\",\"url\":\"https:\/\/www.ballenlinia.com\/\",\"name\":\"Ball en L\u00ednia\",\"description\":\"\",\"potentialAction\":[{\"@type\":\"SearchAction\",\"target\":{\"@type\":\"EntryPoint\",\"urlTemplate\":\"https:\/\/www.ballenlinia.com\/?s={search_term_string}\"},\"query-input\":{\"@type\":\"PropertyValueSpecification\",\"valueRequired\":true,\"valueName\":\"search_term_string\"}}],\"inLanguage\":\"es\"}]}<\/script>\n<!-- \/ Yoast SEO plugin. -->","yoast_head_json":{"title":"Gorra - Ball en L\u00ednia","robots":{"index":"index","follow":"follow","max-snippet":"max-snippet:-1","max-image-preview":"max-image-preview:large","max-video-preview":"max-video-preview:-1"},"canonical":"https:\/\/www.ballenlinia.com\/es\/producto\/gorra\/","og_locale":"es_ES","og_type":"article","og_title":"Gorra - Ball en L\u00ednia","og_description":"Gorra personalitzada.  La gorra, 100% cot\u00f3 t\u00e9 una visera amb orificis de ventilaci\u00f3 brodats i tancament ajustable de velcro. \u00c9s de molt bona qualitat. Aquesta gorra \u00e9s suau al tacte i resisteix millor les rentades. Gran varietat de gamma de 9 colors.  Material:   100% Cot\u00f3 Pentinat  Pes:   0.06 kg.","og_url":"https:\/\/www.ballenlinia.com\/es\/producto\/gorra\/","og_site_name":"Ball en L\u00ednia","article_modified_time":"2025-08-19T13:45:46+00:00","og_image":[{"width":500,"height":500,"url":"https:\/\/www.ballenlinia.com\/wp-content\/uploads\/2025\/07\/Gorra_blava_detall.jpg","type":"image\/jpeg"}],"twitter_card":"summary_large_image","twitter_misc":{"Tiempo de lectura":"1 minuto"},"schema":{"@context":"https:\/\/schema.org","@graph":[{"@type":"WebPage","@id":"https:\/\/www.ballenlinia.com\/producte\/gorra\/","url":"https:\/\/www.ballenlinia.com\/producte\/gorra\/","name":"Gorra - Ball en L\u00ednia","isPartOf":{"@id":"https:\/\/www.ballenlinia.com\/#website"},"primaryImageOfPage":{"@id":"https:\/\/www.ballenlinia.com\/producte\/gorra\/#primaryimage"},"image":{"@id":"https:\/\/www.ballenlinia.com\/producte\/gorra\/#primaryimage"},"thumbnailUrl":"https:\/\/www.ballenlinia.com\/wp-content\/uploads\/2025\/07\/Gorra_blava_detall.jpg","datePublished":"2025-07-17T07:40:15+00:00","dateModified":"2025-08-19T13:45:46+00:00","breadcrumb":{"@id":"https:\/\/www.ballenlinia.com\/producte\/gorra\/#breadcrumb"},"inLanguage":"es","potentialAction":[{"@type":"ReadAction","target":["https:\/\/www.ballenlinia.com\/producte\/gorra\/"]}]},{"@type":"ImageObject","inLanguage":"es","@id":"https:\/\/www.ballenlinia.com\/producte\/gorra\/#primaryimage","url":"https:\/\/www.ballenlinia.com\/wp-content\/uploads\/2025\/07\/Gorra_blava_detall.jpg","contentUrl":"https:\/\/www.ballenlinia.com\/wp-content\/uploads\/2025\/07\/Gorra_blava_detall.jpg","width":500,"height":500},{"@type":"BreadcrumbList","@id":"https:\/\/www.ballenlinia.com\/producte\/gorra\/#breadcrumb","itemListElement":[{"@type":"ListItem","position":1,"name":"Inici","item":"https:\/\/www.ballenlinia.com\/"},{"@type":"ListItem","position":2,"name":"Botiga","item":"https:\/\/www.ballenlinia.com\/botiga\/"},{"@type":"ListItem","position":3,"name":"Gorra"}]},{"@type":"WebSite","@id":"https:\/\/www.ballenlinia.com\/#website","url":"https:\/\/www.ballenlinia.com\/","name":"Ball en L\u00ednia","description":"","potentialAction":[{"@type":"SearchAction","target":{"@type":"EntryPoint","urlTemplate":"https:\/\/www.ballenlinia.com\/?s={search_term_string}"},"query-input":{"@type":"PropertyValueSpecification","valueRequired":true,"valueName":"search_term_string"}}],"inLanguage":"es"}]}},"_links":{"self":[{"href":"https:\/\/www.ballenlinia.com\/es\/wp-json\/wp\/v2\/product\/766","targetHints":{"allow":["GET"]}}],"collection":[{"href":"https:\/\/www.ballenlinia.com\/es\/wp-json\/wp\/v2\/product"}],"about":[{"href":"https:\/\/www.ballenlinia.com\/es\/wp-json\/wp\/v2\/types\/product"}],"replies":[{"embeddable":true,"href":"https:\/\/www.ballenlinia.com\/es\/wp-json\/wp\/v2\/comments?post=766"}],"wp:featuredmedia":[{"embeddable":true,"href":"https:\/\/www.ballenlinia.com\/es\/wp-json\/wp\/v2\/media\/769"}],"wp:attachment":[{"href":"https:\/\/www.ballenlinia.com\/es\/wp-json\/wp\/v2\/media?parent=766"}],"wp:term":[{"taxonomy":"product_brand","embeddable":true,"href":"https:\/\/www.ballenlinia.com\/es\/wp-json\/wp\/v2\/product_brand?post=766"},{"taxonomy":"product_cat","embeddable":true,"href":"https:\/\/www.ballenlinia.com\/es\/wp-json\/wp\/v2\/product_cat?post=766"},{"taxonomy":"product_tag","embeddable":true,"href":"https:\/\/www.ballenlinia.com\/es\/wp-json\/wp\/v2\/product_tag?post=766"}],"curies":[{"name":"wp","href":"https:\/\/api.w.org\/{rel}","templated":true}]}}