{"id":749,"date":"2025-07-17T09:06:06","date_gmt":"2025-07-17T07:06:06","guid":{"rendered":"https:\/\/www.ballenlinia.com\/?post_type=product&#038;p=749"},"modified":"2025-08-19T15:46:39","modified_gmt":"2025-08-19T13:46:39","slug":"motxilla-deportiva-personalitzada","status":"publish","type":"product","link":"https:\/\/www.ballenlinia.com\/es\/producto\/motxilla-deportiva-personalitzada\/","title":{"rendered":"Mochila deportiva personalizada"},"content":{"rendered":"","protected":false},"excerpt":{"rendered":"<p>Mochilas personalizadas.<\/p>\n<p>La mochila deportiva personalizada Humus est\u00e1 hecha de poli\u00e9ster 600D y tiene unas medidas de 18 x 30 x 40 cent\u00edmetros. En t\u00e9rminos de calidad, el poli\u00e9ster 600D es duradero y resistente. Cuando las utilizas, hay un antes y un despu\u00e9s en todas las excursiones, ya que tienen salida para auriculares con los que escuchar m\u00fasica para relajarse, adem\u00e1s de bolsillos el\u00e1sticos y bolsillo frontal con cremallera. La mochila es c\u00f3moda y pr\u00e1ctica, con cintas de hombros ajustables y acolchadas. Existe una gran variedad de colores (8 diferentes). Puedes elegir entre verde, rojo, negro, azul, etc.<\/p>\n<p>Material:<\/p>\n<ul>\n<li>Poli\u00e9ster 600D<\/li>\n<\/ul>\n<p>Dimensiones:<\/p>\n<ul>\n<li>18.00 x 30.00 x 40.00 cm.<\/li>\n<\/ul>\n<p>Peso:<\/p>\n<ul>\n<li>0.23 kg.<\/li>\n<\/ul>","protected":false},"featured_media":755,"comment_status":"closed","ping_status":"closed","template":"","meta":{"_et_pb_use_builder":"","_et_pb_old_content":"","_et_gb_content_width":""},"product_brand":[],"product_cat":[25],"product_tag":[],"class_list":{"0":"post-749","1":"product","2":"type-product","3":"status-publish","4":"has-post-thumbnail","6":"product_cat-complements","8":"first","9":"instock","10":"taxable","11":"shipping-taxable","12":"purchasable","13":"product-type-variable"},"yoast_head":"<!-- This site is optimized with the Yoast SEO plugin v26.9 - https:\/\/yoast.com\/product\/yoast-seo-wordpress\/ -->\n<title>Motxilla deportiva personalitzada - Ball en L\u00ednia<\/title>\n<meta name=\"robots\" content=\"index, follow, max-snippet:-1, max-image-preview:large, max-video-preview:-1\" \/>\n<link rel=\"canonical\" href=\"https:\/\/www.ballenlinia.com\/es\/producto\/motxilla-deportiva-personalitzada\/\" \/>\n<meta property=\"og:locale\" content=\"es_ES\" \/>\n<meta property=\"og:type\" content=\"article\" \/>\n<meta property=\"og:title\" content=\"Motxilla deportiva personalitzada - Ball en L\u00ednia\" \/>\n<meta property=\"og:description\" content=\"Motxilles personalitzades.  La motxilla esportiva personalitzada Humus est\u00e0 feta de poli\u00e8ster 600D, i t\u00e9 unes mesures de 18 x 30 x 40 cent\u00edmetres. En termes de qualitat, el poli\u00e8ster 600D \u00e9s durador i resistent. Quan les utilitzes, hi ha un abans i un despr\u00e9s en totes les excursions, ja que tenen sortida per a auriculars amb els quals escoltar m\u00fasica per a relaxar-se, a m\u00e9s de butxaques el\u00e0stiques i una butxaca frontal amb cremallera. La motxilla \u00e9s c\u00f2moda i pr\u00e0ctica, amb cintes d&#039;espatlles ajustables i embuatades. Hi ha una gran varietat de colors (8 diferents). Pots triar entre el verd, vermell, negre, blau, etc.  Material:   Poli\u00e8ster 600D  Dimensions:   18.00 x 30.00 x 40.00 cm.  Pes:   0.23 kg.\" \/>\n<meta property=\"og:url\" content=\"https:\/\/www.ballenlinia.com\/es\/producto\/motxilla-deportiva-personalitzada\/\" \/>\n<meta property=\"og:site_name\" content=\"Ball en L\u00ednia\" \/>\n<meta property=\"article:modified_time\" content=\"2025-08-19T13:46:39+00:00\" \/>\n<meta property=\"og:image\" content=\"https:\/\/www.ballenlinia.com\/wp-content\/uploads\/2025\/07\/Motxila_blanca.jpg\" \/>\n\t<meta property=\"og:image:width\" content=\"500\" \/>\n\t<meta property=\"og:image:height\" content=\"500\" \/>\n\t<meta property=\"og:image:type\" content=\"image\/jpeg\" \/>\n<meta name=\"twitter:card\" content=\"summary_large_image\" \/>\n<meta name=\"twitter:label1\" content=\"Tiempo de lectura\" \/>\n\t<meta name=\"twitter:data1\" content=\"1 minuto\" \/>\n<script type=\"application\/ld+json\" class=\"yoast-schema-graph\">{\"@context\":\"https:\/\/schema.org\",\"@graph\":[{\"@type\":\"WebPage\",\"@id\":\"https:\/\/www.ballenlinia.com\/producte\/motxilla-deportiva-personalitzada\/\",\"url\":\"https:\/\/www.ballenlinia.com\/producte\/motxilla-deportiva-personalitzada\/\",\"name\":\"Motxilla deportiva personalitzada - Ball en L\u00ednia\",\"isPartOf\":{\"@id\":\"https:\/\/www.ballenlinia.com\/#website\"},\"primaryImageOfPage\":{\"@id\":\"https:\/\/www.ballenlinia.com\/producte\/motxilla-deportiva-personalitzada\/#primaryimage\"},\"image\":{\"@id\":\"https:\/\/www.ballenlinia.com\/producte\/motxilla-deportiva-personalitzada\/#primaryimage\"},\"thumbnailUrl\":\"https:\/\/www.ballenlinia.com\/wp-content\/uploads\/2025\/07\/Motxila_blanca.jpg\",\"datePublished\":\"2025-07-17T07:06:06+00:00\",\"dateModified\":\"2025-08-19T13:46:39+00:00\",\"breadcrumb\":{\"@id\":\"https:\/\/www.ballenlinia.com\/producte\/motxilla-deportiva-personalitzada\/#breadcrumb\"},\"inLanguage\":\"es\",\"potentialAction\":[{\"@type\":\"ReadAction\",\"target\":[\"https:\/\/www.ballenlinia.com\/producte\/motxilla-deportiva-personalitzada\/\"]}]},{\"@type\":\"ImageObject\",\"inLanguage\":\"es\",\"@id\":\"https:\/\/www.ballenlinia.com\/producte\/motxilla-deportiva-personalitzada\/#primaryimage\",\"url\":\"https:\/\/www.ballenlinia.com\/wp-content\/uploads\/2025\/07\/Motxila_blanca.jpg\",\"contentUrl\":\"https:\/\/www.ballenlinia.com\/wp-content\/uploads\/2025\/07\/Motxila_blanca.jpg\",\"width\":500,\"height\":500,\"caption\":\"Motxila blanca\"},{\"@type\":\"BreadcrumbList\",\"@id\":\"https:\/\/www.ballenlinia.com\/producte\/motxilla-deportiva-personalitzada\/#breadcrumb\",\"itemListElement\":[{\"@type\":\"ListItem\",\"position\":1,\"name\":\"Inici\",\"item\":\"https:\/\/www.ballenlinia.com\/\"},{\"@type\":\"ListItem\",\"position\":2,\"name\":\"Botiga\",\"item\":\"https:\/\/www.ballenlinia.com\/botiga\/\"},{\"@type\":\"ListItem\",\"position\":3,\"name\":\"Motxilla deportiva personalitzada\"}]},{\"@type\":\"WebSite\",\"@id\":\"https:\/\/www.ballenlinia.com\/#website\",\"url\":\"https:\/\/www.ballenlinia.com\/\",\"name\":\"Ball en L\u00ednia\",\"description\":\"\",\"potentialAction\":[{\"@type\":\"SearchAction\",\"target\":{\"@type\":\"EntryPoint\",\"urlTemplate\":\"https:\/\/www.ballenlinia.com\/?s={search_term_string}\"},\"query-input\":{\"@type\":\"PropertyValueSpecification\",\"valueRequired\":true,\"valueName\":\"search_term_string\"}}],\"inLanguage\":\"es\"}]}<\/script>\n<!-- \/ Yoast SEO plugin. -->","yoast_head_json":{"title":"Motxilla deportiva personalitzada - Ball en L\u00ednia","robots":{"index":"index","follow":"follow","max-snippet":"max-snippet:-1","max-image-preview":"max-image-preview:large","max-video-preview":"max-video-preview:-1"},"canonical":"https:\/\/www.ballenlinia.com\/es\/producto\/motxilla-deportiva-personalitzada\/","og_locale":"es_ES","og_type":"article","og_title":"Motxilla deportiva personalitzada - Ball en L\u00ednia","og_description":"Motxilles personalitzades.  La motxilla esportiva personalitzada Humus est\u00e0 feta de poli\u00e8ster 600D, i t\u00e9 unes mesures de 18 x 30 x 40 cent\u00edmetres. En termes de qualitat, el poli\u00e8ster 600D \u00e9s durador i resistent. Quan les utilitzes, hi ha un abans i un despr\u00e9s en totes les excursions, ja que tenen sortida per a auriculars amb els quals escoltar m\u00fasica per a relaxar-se, a m\u00e9s de butxaques el\u00e0stiques i una butxaca frontal amb cremallera. La motxilla \u00e9s c\u00f2moda i pr\u00e0ctica, amb cintes d'espatlles ajustables i embuatades. Hi ha una gran varietat de colors (8 diferents). Pots triar entre el verd, vermell, negre, blau, etc.  Material:   Poli\u00e8ster 600D  Dimensions:   18.00 x 30.00 x 40.00 cm.  Pes:   0.23 kg.","og_url":"https:\/\/www.ballenlinia.com\/es\/producto\/motxilla-deportiva-personalitzada\/","og_site_name":"Ball en L\u00ednia","article_modified_time":"2025-08-19T13:46:39+00:00","og_image":[{"width":500,"height":500,"url":"https:\/\/www.ballenlinia.com\/wp-content\/uploads\/2025\/07\/Motxila_blanca.jpg","type":"image\/jpeg"}],"twitter_card":"summary_large_image","twitter_misc":{"Tiempo de lectura":"1 minuto"},"schema":{"@context":"https:\/\/schema.org","@graph":[{"@type":"WebPage","@id":"https:\/\/www.ballenlinia.com\/producte\/motxilla-deportiva-personalitzada\/","url":"https:\/\/www.ballenlinia.com\/producte\/motxilla-deportiva-personalitzada\/","name":"Motxilla deportiva personalitzada - Ball en L\u00ednia","isPartOf":{"@id":"https:\/\/www.ballenlinia.com\/#website"},"primaryImageOfPage":{"@id":"https:\/\/www.ballenlinia.com\/producte\/motxilla-deportiva-personalitzada\/#primaryimage"},"image":{"@id":"https:\/\/www.ballenlinia.com\/producte\/motxilla-deportiva-personalitzada\/#primaryimage"},"thumbnailUrl":"https:\/\/www.ballenlinia.com\/wp-content\/uploads\/2025\/07\/Motxila_blanca.jpg","datePublished":"2025-07-17T07:06:06+00:00","dateModified":"2025-08-19T13:46:39+00:00","breadcrumb":{"@id":"https:\/\/www.ballenlinia.com\/producte\/motxilla-deportiva-personalitzada\/#breadcrumb"},"inLanguage":"es","potentialAction":[{"@type":"ReadAction","target":["https:\/\/www.ballenlinia.com\/producte\/motxilla-deportiva-personalitzada\/"]}]},{"@type":"ImageObject","inLanguage":"es","@id":"https:\/\/www.ballenlinia.com\/producte\/motxilla-deportiva-personalitzada\/#primaryimage","url":"https:\/\/www.ballenlinia.com\/wp-content\/uploads\/2025\/07\/Motxila_blanca.jpg","contentUrl":"https:\/\/www.ballenlinia.com\/wp-content\/uploads\/2025\/07\/Motxila_blanca.jpg","width":500,"height":500,"caption":"Motxila blanca"},{"@type":"BreadcrumbList","@id":"https:\/\/www.ballenlinia.com\/producte\/motxilla-deportiva-personalitzada\/#breadcrumb","itemListElement":[{"@type":"ListItem","position":1,"name":"Inici","item":"https:\/\/www.ballenlinia.com\/"},{"@type":"ListItem","position":2,"name":"Botiga","item":"https:\/\/www.ballenlinia.com\/botiga\/"},{"@type":"ListItem","position":3,"name":"Motxilla deportiva personalitzada"}]},{"@type":"WebSite","@id":"https:\/\/www.ballenlinia.com\/#website","url":"https:\/\/www.ballenlinia.com\/","name":"Ball en L\u00ednia","description":"","potentialAction":[{"@type":"SearchAction","target":{"@type":"EntryPoint","urlTemplate":"https:\/\/www.ballenlinia.com\/?s={search_term_string}"},"query-input":{"@type":"PropertyValueSpecification","valueRequired":true,"valueName":"search_term_string"}}],"inLanguage":"es"}]}},"_links":{"self":[{"href":"https:\/\/www.ballenlinia.com\/es\/wp-json\/wp\/v2\/product\/749","targetHints":{"allow":["GET"]}}],"collection":[{"href":"https:\/\/www.ballenlinia.com\/es\/wp-json\/wp\/v2\/product"}],"about":[{"href":"https:\/\/www.ballenlinia.com\/es\/wp-json\/wp\/v2\/types\/product"}],"replies":[{"embeddable":true,"href":"https:\/\/www.ballenlinia.com\/es\/wp-json\/wp\/v2\/comments?post=749"}],"wp:featuredmedia":[{"embeddable":true,"href":"https:\/\/www.ballenlinia.com\/es\/wp-json\/wp\/v2\/media\/755"}],"wp:attachment":[{"href":"https:\/\/www.ballenlinia.com\/es\/wp-json\/wp\/v2\/media?parent=749"}],"wp:term":[{"taxonomy":"product_brand","embeddable":true,"href":"https:\/\/www.ballenlinia.com\/es\/wp-json\/wp\/v2\/product_brand?post=749"},{"taxonomy":"product_cat","embeddable":true,"href":"https:\/\/www.ballenlinia.com\/es\/wp-json\/wp\/v2\/product_cat?post=749"},{"taxonomy":"product_tag","embeddable":true,"href":"https:\/\/www.ballenlinia.com\/es\/wp-json\/wp\/v2\/product_tag?post=749"}],"curies":[{"name":"wp","href":"https:\/\/api.w.org\/{rel}","templated":true}]}}