{"id":36,"date":"2025-05-14T09:41:19","date_gmt":"2025-05-14T07:41:19","guid":{"rendered":"https:\/\/www.ballenlinia.com\/?page_id=36"},"modified":"2025-07-14T09:58:50","modified_gmt":"2025-07-14T07:58:50","slug":"accessibilitat","status":"publish","type":"page","link":"https:\/\/www.ballenlinia.com\/es\/accessibilitat\/","title":{"rendered":"Accesibilidad"},"content":{"rendered":"<p>[et_pb_section fb_built=&#8221;1&#8243; _builder_version=&#8221;4.25.1&#8243; _module_preset=&#8221;default&#8221; background_color=&#8221;#DAA520&#8243; global_colors_info=&#8221;{}&#8221;][et_pb_row _builder_version=&#8221;4.25.1&#8243; _module_preset=&#8221;default&#8221; global_colors_info=&#8221;{}&#8221;][et_pb_column type=&#8221;4_4&#8243; _builder_version=&#8221;4.25.1&#8243; _module_preset=&#8221;default&#8221; global_colors_info=&#8221;{}&#8221;][et_pb_text _builder_version=&#8221;4.27.4&#8243; _module_preset=&#8221;default&#8221; text_font=&#8221;Roboto|700||on|||||&#8221; text_text_color=&#8221;#DAA520&#8243; text_font_size=&#8221;20px&#8221; background_color=&#8221;#FFFFFF&#8221; text_orientation=&#8221;center&#8221; custom_margin=&#8221;|360px|12px|360px|false|true&#8221; custom_margin_tablet=&#8221;|0px||0px|false|true&#8221; custom_margin_phone=&#8221;|0px|12px|0px|false|true&#8221; custom_margin_last_edited=&#8221;on|tablet&#8221; custom_padding=&#8221;4px||4px||true|false&#8221; hover_enabled=&#8221;0&#8243; border_radii=&#8221;on|10px|10px|10px|10px&#8221; global_colors_info=&#8221;{}&#8221; text_font_size_last_edited=&#8221;off|desktop&#8221; sticky_enabled=&#8221;0&#8243; text_letter_spacing=&#8221;0.5px&#8221;]<\/p>\n<p>Ball en L\u00ednia &#8211; M\u00f3ra d&#8217;Ebre<\/p>\n<p>[\/et_pb_text][et_pb_text _builder_version=&#8221;4.25.1&#8243; _dynamic_attributes=&#8221;content&#8221; _module_preset=&#8221;default&#8221; text_font=&#8221;Roboto|700|||||||&#8221; text_text_color=&#8221;#FFFFFF&#8221; text_font_size=&#8221;40px&#8221; text_line_height=&#8221;1em&#8221; text_orientation=&#8221;center&#8221; custom_margin=&#8221;||17px|||&#8221; global_colors_info=&#8221;{}&#8221;]@ET-DC@eyJkeW5hbWljIjp0cnVlLCJjb250ZW50IjoicG9zdF90aXRsZSIsInNldHRpbmdzIjp7ImJlZm9yZSI6IiIsImFmdGVyIjoiIn19@[\/et_pb_text][\/et_pb_column][\/et_pb_row][\/et_pb_section][et_pb_section fb_built=&#8221;1&#8243; _builder_version=&#8221;4.25.1&#8243; _module_preset=&#8221;default&#8221; global_colors_info=&#8221;{}&#8221;][et_pb_row _builder_version=&#8221;4.25.1&#8243; _module_preset=&#8221;default&#8221; global_colors_info=&#8221;{}&#8221;][et_pb_column type=&#8221;4_4&#8243; _builder_version=&#8221;4.25.1&#8243; _module_preset=&#8221;default&#8221; global_colors_info=&#8221;{}&#8221;][et_pb_text _builder_version=&#8221;4.25.1&#8243; _module_preset=&#8221;default&#8221; text_font=&#8221;&#8211;et_global_body_font||||||||&#8221; text_text_color=&#8221;#56423E&#8221; text_font_size=&#8221;15px&#8221; global_colors_info=&#8221;{}&#8221;]<\/p>\n<p><strong><span>Obtenir el consentiment de l\u2019usuari en sol\u00b7licitar dades personals<\/span><\/strong><\/p>\n<p><span>El consentiment ha de donar-se mitjan\u00e7ant una acci\u00f3 afirmativa clara que reflecteixi una manifestaci\u00f3 de voluntat lliure, espec\u00edfica, informada, i inequ\u00edvoca de l\u2019interessat i ha d\u2019atorgar-se per a totes les activitats de tractament realitzades. Quan el tractament tingui diverses finalitats, el consentiment ha de donar-se per cada una d\u2019elles. Si s\u2019ha de donar arran d\u2019una sol\u00b7licitud per mitjans electr\u00f2nics, aquesta ha de ser clara, concisa i no pertorbar innecess\u00e0riament l\u2019\u00fas del servei per al qual es presta.<\/span><\/p>\n<p><span>Aquest consentiment expr\u00e9s pot traslladar-se a un formulari web a trav\u00e9s de la implementaci\u00f3 d\u2019unes caselles de verificaci\u00f3 que estiguin desmarcades per defecte, aix\u00f2 \u00e9s vital, per a poder demostrar aquesta voluntat per part de la persona per tractar les seves dades personals.<\/span><\/p>\n<p><span>Les caselles de pre-marca, el silenci i la inacci\u00f3 de l\u2019interessat no constitueixen un tractament l\u00edcit de dades, de manera que aquestes f\u00f3rmules no s\u2019han d\u2019utilitzar.<\/span><\/p>\n<p><span>Hem parlat en l\u2019apartat anterior de fins espec\u00edfics, \u00e9s a dir, quan alg\u00fa proporciona les seves dades cal de detallar de manera clara, inequ\u00edvoca i transparent quines seran les condicions de tractament de les dades.<\/span><\/p>\n<p><span>Al ser un consentiment expr\u00e9s lligat a una finalitat espec\u00edfica cal demostrar que s\u2019ha recollit seguint aquests preceptes i la c\u00e0rrega probat\u00f2ria recau sobre l\u2019organitzaci\u00f3 que rep i tracta aquestes dades.<\/span><\/p>\n<p><span>Un exemple de com poder demostrar que ens han autoritzat es que cada alta generi un e-mail de resposta autom\u00e0tica amb les dades de la persona sol\u00b7licitat, la seva IP, accepto, data, hora exacta i navegador que va utilitzar. Aquest e-mail s\u2019ha de guardar com a justificant en cas de conflicte amb l\u2019usuari.<\/span><\/p>\n<p><strong><span>Primera capa d\u2019informaci\u00f3 b\u00e0sica<\/span><\/strong><\/p>\n<p><span>Amb els requisits i principis introdu\u00efts pel\u00a0RGPD\u00a0respecte a l\u2019obligaci\u00f3 d\u2019informar, la simple remissi\u00f3 a la pol\u00edtica de privacitat des dels formularis web ja no \u00e9s suficient per a complir amb aquestes obligacions.<\/span><\/p>\n<p><span>Les Autoritats de Protecci\u00f3 de Dades de la Uni\u00f3 Europea, recomanen utilitzar un model d\u2019informaci\u00f3 per capes, presentant una primera capa, amb una informaci\u00f3 b\u00e0sica sobre protecci\u00f3 de dades i remetre des d\u2019aquesta, m\u00e9s senzilla i immediata, a una segona capa amb la informaci\u00f3 restant.<\/span><\/p>\n<p><span>En la <a href=\"about:blank?trp-edit-translation=preview\">Guia per al Compliment del Deure d\u2019Informar<\/a>, de l\u2019AEPD estableix que aquesta primera capa informativa ha de reunir els seg\u00fcents requisits:<\/span><\/p>\n<p><span>\u2013 La informaci\u00f3 s\u2019ha de posar a la disposici\u00f3 dels interessats en el moment en qu\u00e8 se sol\u00b7licitin les dades, pr\u00e8viament a la recollida o registre.<\/span><\/p>\n<p><span>\u2013 Aquesta obligaci\u00f3 s\u2019ha de complir sense necessitat de cap requeriment, i el responsable haur\u00e0 de poder acreditar amb posterioritat que l\u2019obligaci\u00f3 d\u2019informar ha estat satisfeta.<\/span><\/p>\n<p><span>\u2013 Ha d\u2019estar clarament identificada amb un t\u00edtol tal com \u201cInformaci\u00f3 b\u00e0sica sobre protecci\u00f3 de dades\u201d.<\/span><\/p>\n<p><span>\u2013 El responsable del tractament ha de garantir que aquesta informaci\u00f3 quedi \u201cdins del camp de visi\u00f3\u201d de l\u2019interessat.<\/span><\/p>\n<p><span>\u2013 Els interessats han de rebre una c\u00f2pia on s\u2019inclogui aquesta informaci\u00f3 b\u00e0sica.<\/span><\/p>\n<p>La\u00a0LOPDGDD\u00a0en el seu article 72 tipifica com a INFRACCI\u00d3 MOLT GREU l\u2019omissi\u00f3 del deure d\u2019informar l\u2019afectat sobre el tractament de les seves dades personals conforme al que es disposa en els articles 13 i 14 del Reglament (UE) 2016\/679 (RGPD).<\/p>\n<p>[\/et_pb_text][\/et_pb_column][\/et_pb_row][\/et_pb_section]<\/p>\n","protected":false},"excerpt":{"rendered":"<p>Ball en L\u00ednia &#8211; M\u00f3ra d&#8217;EbreObtenir el consentiment de l\u2019usuari en sol\u00b7licitar dades personals El consentiment ha de donar-se mitjan\u00e7ant una acci\u00f3 afirmativa clara que reflecteixi una manifestaci\u00f3 de voluntat lliure, espec\u00edfica, informada, i inequ\u00edvoca de l\u2019interessat i ha d\u2019atorgar-se per a totes les activitats de tractament realitzades. Quan el tractament tingui diverses finalitats, el [&hellip;]<\/p>\n","protected":false},"author":4,"featured_media":0,"parent":0,"menu_order":0,"comment_status":"closed","ping_status":"closed","template":"","meta":{"_et_pb_use_builder":"on","_et_pb_old_content":"<!-- wp:divi\/placeholder \/-->","_et_gb_content_width":"","footnotes":""},"class_list":["post-36","page","type-page","status-publish","hentry"],"yoast_head":"<!-- This site is optimized with the Yoast SEO plugin v26.9 - https:\/\/yoast.com\/product\/yoast-seo-wordpress\/ -->\n<title>Accessibilitat - Ball en L\u00ednia<\/title>\n<meta name=\"description\" content=\"Obtenir el consentiment de l\u2019usuari en sol\u00b7licitar dades personals. El consentiment ha de donar-se mitjan\u00e7ant una acci\u00f3 afirmativa...\" \/>\n<meta name=\"robots\" content=\"index, follow, max-snippet:-1, max-image-preview:large, max-video-preview:-1\" \/>\n<link rel=\"canonical\" href=\"https:\/\/www.ballenlinia.com\/es\/accessibilitat\/\" \/>\n<meta property=\"og:locale\" content=\"es_ES\" \/>\n<meta property=\"og:type\" content=\"article\" \/>\n<meta property=\"og:title\" content=\"Accessibilitat - Ball en L\u00ednia\" \/>\n<meta property=\"og:description\" content=\"Obtenir el consentiment de l\u2019usuari en sol\u00b7licitar dades personals. El consentiment ha de donar-se mitjan\u00e7ant una acci\u00f3 afirmativa...\" \/>\n<meta property=\"og:url\" content=\"https:\/\/www.ballenlinia.com\/es\/accessibilitat\/\" \/>\n<meta property=\"og:site_name\" content=\"Ball en L\u00ednia\" \/>\n<meta property=\"article:modified_time\" content=\"2025-07-14T07:58:50+00:00\" \/>\n<meta name=\"twitter:card\" content=\"summary_large_image\" \/>\n<meta name=\"twitter:label1\" content=\"Tiempo de lectura\" \/>\n\t<meta name=\"twitter:data1\" content=\"3 minutos\" \/>\n<script type=\"application\/ld+json\" class=\"yoast-schema-graph\">{\"@context\":\"https:\/\/schema.org\",\"@graph\":[{\"@type\":\"WebPage\",\"@id\":\"https:\/\/www.ballenlinia.com\/accessibilitat\/\",\"url\":\"https:\/\/www.ballenlinia.com\/accessibilitat\/\",\"name\":\"Accessibilitat - Ball en L\u00ednia\",\"isPartOf\":{\"@id\":\"https:\/\/www.ballenlinia.com\/#website\"},\"datePublished\":\"2025-05-14T07:41:19+00:00\",\"dateModified\":\"2025-07-14T07:58:50+00:00\",\"description\":\"Obtenir el consentiment de l\u2019usuari en sol\u00b7licitar dades personals. El consentiment ha de donar-se mitjan\u00e7ant una acci\u00f3 afirmativa...\",\"breadcrumb\":{\"@id\":\"https:\/\/www.ballenlinia.com\/accessibilitat\/#breadcrumb\"},\"inLanguage\":\"es\",\"potentialAction\":[{\"@type\":\"ReadAction\",\"target\":[\"https:\/\/www.ballenlinia.com\/accessibilitat\/\"]}]},{\"@type\":\"BreadcrumbList\",\"@id\":\"https:\/\/www.ballenlinia.com\/accessibilitat\/#breadcrumb\",\"itemListElement\":[{\"@type\":\"ListItem\",\"position\":1,\"name\":\"Inici\",\"item\":\"https:\/\/www.ballenlinia.com\/\"},{\"@type\":\"ListItem\",\"position\":2,\"name\":\"Accessibilitat\"}]},{\"@type\":\"WebSite\",\"@id\":\"https:\/\/www.ballenlinia.com\/#website\",\"url\":\"https:\/\/www.ballenlinia.com\/\",\"name\":\"Ball en L\u00ednia\",\"description\":\"\",\"potentialAction\":[{\"@type\":\"SearchAction\",\"target\":{\"@type\":\"EntryPoint\",\"urlTemplate\":\"https:\/\/www.ballenlinia.com\/?s={search_term_string}\"},\"query-input\":{\"@type\":\"PropertyValueSpecification\",\"valueRequired\":true,\"valueName\":\"search_term_string\"}}],\"inLanguage\":\"es\"}]}<\/script>\n<!-- \/ Yoast SEO plugin. -->","yoast_head_json":{"title":"Accessibilitat - Ball en L\u00ednia","description":"Obtenir el consentiment de l\u2019usuari en sol\u00b7licitar dades personals. El consentiment ha de donar-se mitjan\u00e7ant una acci\u00f3 afirmativa...","robots":{"index":"index","follow":"follow","max-snippet":"max-snippet:-1","max-image-preview":"max-image-preview:large","max-video-preview":"max-video-preview:-1"},"canonical":"https:\/\/www.ballenlinia.com\/es\/accessibilitat\/","og_locale":"es_ES","og_type":"article","og_title":"Accessibilitat - Ball en L\u00ednia","og_description":"Obtenir el consentiment de l\u2019usuari en sol\u00b7licitar dades personals. El consentiment ha de donar-se mitjan\u00e7ant una acci\u00f3 afirmativa...","og_url":"https:\/\/www.ballenlinia.com\/es\/accessibilitat\/","og_site_name":"Ball en L\u00ednia","article_modified_time":"2025-07-14T07:58:50+00:00","twitter_card":"summary_large_image","twitter_misc":{"Tiempo de lectura":"3 minutos"},"schema":{"@context":"https:\/\/schema.org","@graph":[{"@type":"WebPage","@id":"https:\/\/www.ballenlinia.com\/accessibilitat\/","url":"https:\/\/www.ballenlinia.com\/accessibilitat\/","name":"Accessibilitat - Ball en L\u00ednia","isPartOf":{"@id":"https:\/\/www.ballenlinia.com\/#website"},"datePublished":"2025-05-14T07:41:19+00:00","dateModified":"2025-07-14T07:58:50+00:00","description":"Obtenir el consentiment de l\u2019usuari en sol\u00b7licitar dades personals. El consentiment ha de donar-se mitjan\u00e7ant una acci\u00f3 afirmativa...","breadcrumb":{"@id":"https:\/\/www.ballenlinia.com\/accessibilitat\/#breadcrumb"},"inLanguage":"es","potentialAction":[{"@type":"ReadAction","target":["https:\/\/www.ballenlinia.com\/accessibilitat\/"]}]},{"@type":"BreadcrumbList","@id":"https:\/\/www.ballenlinia.com\/accessibilitat\/#breadcrumb","itemListElement":[{"@type":"ListItem","position":1,"name":"Inici","item":"https:\/\/www.ballenlinia.com\/"},{"@type":"ListItem","position":2,"name":"Accessibilitat"}]},{"@type":"WebSite","@id":"https:\/\/www.ballenlinia.com\/#website","url":"https:\/\/www.ballenlinia.com\/","name":"Ball en L\u00ednia","description":"","potentialAction":[{"@type":"SearchAction","target":{"@type":"EntryPoint","urlTemplate":"https:\/\/www.ballenlinia.com\/?s={search_term_string}"},"query-input":{"@type":"PropertyValueSpecification","valueRequired":true,"valueName":"search_term_string"}}],"inLanguage":"es"}]}},"_links":{"self":[{"href":"https:\/\/www.ballenlinia.com\/es\/wp-json\/wp\/v2\/pages\/36","targetHints":{"allow":["GET"]}}],"collection":[{"href":"https:\/\/www.ballenlinia.com\/es\/wp-json\/wp\/v2\/pages"}],"about":[{"href":"https:\/\/www.ballenlinia.com\/es\/wp-json\/wp\/v2\/types\/page"}],"author":[{"embeddable":true,"href":"https:\/\/www.ballenlinia.com\/es\/wp-json\/wp\/v2\/users\/4"}],"replies":[{"embeddable":true,"href":"https:\/\/www.ballenlinia.com\/es\/wp-json\/wp\/v2\/comments?post=36"}],"version-history":[{"count":8,"href":"https:\/\/www.ballenlinia.com\/es\/wp-json\/wp\/v2\/pages\/36\/revisions"}],"predecessor-version":[{"id":716,"href":"https:\/\/www.ballenlinia.com\/es\/wp-json\/wp\/v2\/pages\/36\/revisions\/716"}],"wp:attachment":[{"href":"https:\/\/www.ballenlinia.com\/es\/wp-json\/wp\/v2\/media?parent=36"}],"curies":[{"name":"wp","href":"https:\/\/api.w.org\/{rel}","templated":true}]}}