{"id":24,"date":"2025-05-14T07:23:31","date_gmt":"2025-05-14T05:23:31","guid":{"rendered":"https:\/\/www.ballenlinia.com\/botiga\/"},"modified":"2025-08-26T19:36:09","modified_gmt":"2025-08-26T17:36:09","slug":"botiga","status":"publish","type":"page","link":"https:\/\/www.ballenlinia.com\/es\/botiga\/","title":{"rendered":"Tienda"},"content":{"rendered":"<p>[et_pb_section fb_built=&#8221;1&#8243; _builder_version=&#8221;4.25.1&#8243; _module_preset=&#8221;default&#8221; background_color=&#8221;#56423E&#8221; bottom_divider_style=&#8221;curve&#8221; bottom_divider_color=&#8221;#fafaef&#8221; global_colors_info=&#8221;{}&#8221;][et_pb_row _builder_version=&#8221;4.25.1&#8243; _module_preset=&#8221;default&#8221; width=&#8221;100%&#8221; max_width=&#8221;1200px&#8221; global_colors_info=&#8221;{}&#8221;][et_pb_column type=&#8221;4_4&#8243; _builder_version=&#8221;4.25.1&#8243; _module_preset=&#8221;default&#8221; global_colors_info=&#8221;{}&#8221;][et_pb_post_title meta=&#8221;off&#8221; featured_image=&#8221;off&#8221; _builder_version=&#8221;4.25.1&#8243; _module_preset=&#8221;default&#8221; title_font=&#8221;&#8211;et_global_heading_font||||||||&#8221; title_text_align=&#8221;center&#8221; title_text_color=&#8221;#FFFFFF&#8221; title_font_size=&#8221;75px&#8221; global_colors_info=&#8221;{}&#8221;][\/et_pb_post_title][\/et_pb_column][\/et_pb_row][\/et_pb_section][et_pb_section fb_built=&#8221;1&#8243; module_id=&#8221;contacte&#8221; module_class=&#8221;contacte&#8221; _builder_version=&#8221;4.25.1&#8243; _module_preset=&#8221;default&#8221; background_color=&#8221;#fafaef&#8221; background_enable_mask_style=&#8221;on&#8221; background_mask_style=&#8221;corner-square&#8221; background_mask_color=&#8221;rgba(255,255,255,0.75)&#8221; background_mask_transform=&#8221;invert|flip_vertical&#8221; custom_padding=&#8221;106px|14px|106px|14px|true|true&#8221; global_colors_info=&#8221;{}&#8221;][et_pb_row _builder_version=&#8221;4.25.1&#8243; _module_preset=&#8221;default&#8221; custom_padding=&#8221;||0px|||&#8221; global_colors_info=&#8221;{}&#8221;][et_pb_column type=&#8221;4_4&#8243; _builder_version=&#8221;4.25.1&#8243; _module_preset=&#8221;default&#8221; global_colors_info=&#8221;{}&#8221;][et_pb_shop type=&#8221;product_category&#8221; posts_number=&#8221;30&#8243; include_categories=&#8221;all&#8221; columns_number=&#8221;3&#8243; sale_badge_color=&#8221;#56423E&#8221; icon_hover_color=&#8221;#56423E&#8221; hover_overlay_color=&#8221;rgba(245,245,220,0.58)&#8221; hover_icon=&#8221;&#xf07a;||fa||900&#8243; show_rating=&#8221;off&#8221; _builder_version=&#8221;4.27.4&#8243; _module_preset=&#8221;default&#8221; sale_badge_custom_padding=&#8221;1px|13px|1px|13px|true|true&#8221; title_font=&#8221;&#8211;et_global_body_font||||||||&#8221; title_text_color=&#8221;#56423E&#8221; title_font_size=&#8221;22px&#8221; price_font=&#8221;Roboto|500|||||||&#8221; price_text_color=&#8221;#56423E&#8221; price_font_size=&#8221;19px&#8221; sale_badge_font=&#8221;Roboto||||||||&#8221; sale_badge_font_size=&#8221;16px&#8221; sale_price_font=&#8221;Roboto|700|||||||&#8221; sale_price_text_color=&#8221;#56423E&#8221; custom_margin=&#8221;||2px|||&#8221; custom_padding=&#8221;||0px|||&#8221; border_radii_image=&#8221;on|5px|5px|5px|5px&#8221; global_colors_info=&#8221;{}&#8221;][\/et_pb_shop][\/et_pb_column][\/et_pb_row][\/et_pb_section][et_pb_section fb_built=&#8221;1&#8243; _builder_version=&#8221;4.25.1&#8243; _module_preset=&#8221;default&#8221; background_color=&#8221;#F5F5DC&#8221; custom_padding=&#8221;125px||125px||true|&#8221; global_colors_info=&#8221;{}&#8221;][et_pb_row column_structure=&#8221;1_2,1_2&#8243; _builder_version=&#8221;4.25.1&#8243; _module_preset=&#8221;default&#8221; width=&#8221;100%&#8221; max_width=&#8221;1200px&#8221; custom_margin=&#8221;|auto|26px|auto||true&#8221; custom_padding=&#8221;|10px|4px|10px|false|true&#8221; animation_style=&#8221;fade&#8221; global_colors_info=&#8221;{}&#8221; transform_styles__hover_enabled=&#8221;on|hover&#8221; transform_scale__hover_enabled=&#8221;on|hover&#8221; transform_translate__hover_enabled=&#8221;on|desktop&#8221; transform_rotate__hover_enabled=&#8221;on|desktop&#8221; transform_skew__hover_enabled=&#8221;on|desktop&#8221; transform_origin__hover_enabled=&#8221;on|desktop&#8221;][et_pb_column type=&#8221;1_2&#8243; _builder_version=&#8221;4.25.1&#8243; _module_preset=&#8221;default&#8221; background_color=&#8221;#FFFFFF&#8221; custom_padding=&#8221;30px||30px||true|false&#8221; border_radii=&#8221;on|7px|7px|7px|7px&#8221; border_width_all=&#8221;1.5px&#8221; border_color_all=&#8221;#56423E&#8221; box_shadow_style=&#8221;preset4&#8243; box_shadow_horizontal=&#8221;9px&#8221; box_shadow_vertical=&#8221;7px&#8221; box_shadow_color=&#8221;#56423E&#8221; global_colors_info=&#8221;{}&#8221; transform_styles__hover_enabled=&#8221;on|hover&#8221; transform_scale__hover=&#8221;102%|102%&#8221; transform_scale__hover_enabled=&#8221;on|hover&#8221; transform_translate__hover_enabled=&#8221;on|desktop&#8221; transform_rotate__hover_enabled=&#8221;on|desktop&#8221; transform_skew__hover_enabled=&#8221;on|desktop&#8221; transform_origin__hover_enabled=&#8221;on|desktop&#8221;][et_pb_icon font_icon=&#8221;&#xf09d;||fa||400&#8243; icon_color=&#8221;#DAA520&#8243; icon_width=&#8221;35px&#8221; _builder_version=&#8221;4.27.4&#8243; _module_preset=&#8221;default&#8221; custom_margin=&#8221;||9px|||&#8221; global_colors_info=&#8221;{}&#8221; icon_width__hover_enabled=&#8221;on|hover&#8221; icon_width__hover=&#8221;&#8221;][\/et_pb_icon][et_pb_text _builder_version=&#8221;4.27.4&#8243; _module_preset=&#8221;default&#8221; text_font=&#8221;Roboto|700|||||||&#8221; text_text_color=&#8221;#56423E&#8221; text_font_size=&#8221;22px&#8221; text_line_height=&#8221;1em&#8221; text_orientation=&#8221;center&#8221; custom_margin=&#8221;||-3px|||&#8221; global_colors_info=&#8221;{}&#8221;]<\/p>\n<p>Pagament via transfer\u00e8ncia<\/p>\n<p>[\/et_pb_text][et_pb_text _builder_version=&#8221;4.27.4&#8243; _module_preset=&#8221;default&#8221; text_font=&#8221;&#8211;et_global_body_font||||||||&#8221; text_text_color=&#8221;#56423E&#8221; text_font_size=&#8221;16px&#8221; text_orientation=&#8221;center&#8221; custom_margin=&#8221;13px||||false|false&#8221; custom_padding=&#8221;|5px||5px|false|true&#8221; hover_enabled=&#8221;0&#8243; global_colors_info=&#8221;{}&#8221; sticky_enabled=&#8221;0&#8243;]<\/p>\n<p>El pagament s&#8217;efectuar\u00e0 mitjan\u00e7ant transfer\u00e8ncia banc\u00e0ria.<\/p>\n<p>[\/et_pb_text][\/et_pb_column][et_pb_column type=&#8221;1_2&#8243; _builder_version=&#8221;4.25.1&#8243; _module_preset=&#8221;default&#8221; background_color=&#8221;#FFFFFF&#8221; custom_padding=&#8221;30px||30px||true|false&#8221; border_radii=&#8221;on|7px|7px|7px|7px&#8221; border_width_all=&#8221;1.5px&#8221; border_color_all=&#8221;#56423E&#8221; box_shadow_style=&#8221;preset4&#8243; box_shadow_horizontal=&#8221;9px&#8221; box_shadow_vertical=&#8221;7px&#8221; box_shadow_color=&#8221;#56423E&#8221; global_colors_info=&#8221;{}&#8221; transform_styles__hover_enabled=&#8221;on|hover&#8221; transform_scale__hover=&#8221;102%|102%&#8221; transform_scale__hover_enabled=&#8221;on|hover&#8221; transform_translate__hover_enabled=&#8221;on|desktop&#8221; transform_rotate__hover_enabled=&#8221;on|desktop&#8221; transform_skew__hover_enabled=&#8221;on|desktop&#8221; transform_origin__hover_enabled=&#8221;on|desktop&#8221;][et_pb_icon font_icon=&#8221;&#xf54e;||fa||900&#8243; icon_color=&#8221;#DAA520&#8243; icon_width=&#8221;35px&#8221; _builder_version=&#8221;4.25.1&#8243; _module_preset=&#8221;default&#8221; custom_margin=&#8221;||9px|||&#8221; global_colors_info=&#8221;{}&#8221; icon_width__hover_enabled=&#8221;on|desktop&#8221; icon_width__hover=&#8221;&#8221;][\/et_pb_icon][et_pb_text _builder_version=&#8221;4.25.1&#8243; _module_preset=&#8221;default&#8221; text_font=&#8221;Roboto|700|||||||&#8221; text_text_color=&#8221;#56423E&#8221; text_font_size=&#8221;22px&#8221; text_line_height=&#8221;1em&#8221; text_orientation=&#8221;center&#8221; custom_margin=&#8221;||-3px|||&#8221; global_colors_info=&#8221;{}&#8221;]<\/p>\n<p>Recollida dels productes a les classes<\/p>\n<p>[\/et_pb_text][et_pb_text _builder_version=&#8221;4.25.1&#8243; _module_preset=&#8221;default&#8221; text_font=&#8221;&#8211;et_global_body_font||||||||&#8221; text_text_color=&#8221;#56423E&#8221; text_font_size=&#8221;16px&#8221; text_orientation=&#8221;center&#8221; custom_margin=&#8221;13px||||false|false&#8221; custom_padding=&#8221;|5px||5px|false|true&#8221; global_colors_info=&#8221;{}&#8221;]<\/p>\n<p>Fes la comanda des de la botiga i <strong>pots recollir-ho a les classes<\/strong>.<\/p>\n<p>[\/et_pb_text][\/et_pb_column][\/et_pb_row][\/et_pb_section]<\/p>\n","protected":false},"excerpt":{"rendered":"<p>Pagament via transfer\u00e8nciaEl pagament s&#8217;efectuar\u00e0 mitjan\u00e7ant transfer\u00e8ncia banc\u00e0ria.Recollida dels productes a les classesFes la comanda des de la botiga i pots recollir-ho a les classes.<\/p>","protected":false},"author":1,"featured_media":0,"parent":0,"menu_order":0,"comment_status":"closed","ping_status":"closed","template":"","meta":{"_et_pb_use_builder":"on","_et_pb_old_content":"","_et_gb_content_width":"1080","footnotes":""},"class_list":["post-24","page","type-page","status-publish","hentry"],"yoast_head":"<!-- This site is optimized with the Yoast SEO plugin v26.9 - https:\/\/yoast.com\/product\/yoast-seo-wordpress\/ -->\n<title>Botiga - Ball en L\u00ednia<\/title>\n<meta name=\"description\" content=\"P\u00e0gina on pot veure tots els productes de la botiga i fer una comanda.\" \/>\n<meta name=\"robots\" content=\"index, follow, max-snippet:-1, max-image-preview:large, max-video-preview:-1\" \/>\n<link rel=\"canonical\" href=\"https:\/\/www.ballenlinia.com\/es\/botiga\/\" \/>\n<meta property=\"og:locale\" content=\"es_ES\" \/>\n<meta property=\"og:type\" content=\"article\" \/>\n<meta property=\"og:title\" content=\"Botiga - Ball en L\u00ednia\" \/>\n<meta property=\"og:description\" content=\"P\u00e0gina on pot veure tots els productes de la botiga i fer una comanda.\" \/>\n<meta property=\"og:url\" content=\"https:\/\/www.ballenlinia.com\/es\/botiga\/\" \/>\n<meta property=\"og:site_name\" content=\"Ball en L\u00ednia\" \/>\n<meta property=\"article:modified_time\" content=\"2025-08-26T17:36:09+00:00\" \/>\n<meta name=\"twitter:card\" content=\"summary_large_image\" \/>\n<meta name=\"twitter:label1\" content=\"Tiempo de lectura\" \/>\n\t<meta name=\"twitter:data1\" content=\"2 minutos\" \/>\n<script type=\"application\/ld+json\" class=\"yoast-schema-graph\">{\"@context\":\"https:\/\/schema.org\",\"@graph\":[{\"@type\":\"WebPage\",\"@id\":\"https:\/\/www.ballenlinia.com\/botiga\/\",\"url\":\"https:\/\/www.ballenlinia.com\/botiga\/\",\"name\":\"Botiga - Ball en L\u00ednia\",\"isPartOf\":{\"@id\":\"https:\/\/www.ballenlinia.com\/#website\"},\"datePublished\":\"2025-05-14T05:23:31+00:00\",\"dateModified\":\"2025-08-26T17:36:09+00:00\",\"description\":\"P\u00e0gina on pot veure tots els productes de la botiga i fer una comanda.\",\"breadcrumb\":{\"@id\":\"https:\/\/www.ballenlinia.com\/botiga\/#breadcrumb\"},\"inLanguage\":\"es\",\"potentialAction\":[{\"@type\":\"ReadAction\",\"target\":[\"https:\/\/www.ballenlinia.com\/botiga\/\"]}]},{\"@type\":\"BreadcrumbList\",\"@id\":\"https:\/\/www.ballenlinia.com\/botiga\/#breadcrumb\",\"itemListElement\":[{\"@type\":\"ListItem\",\"position\":1,\"name\":\"Inici\",\"item\":\"https:\/\/www.ballenlinia.com\/\"},{\"@type\":\"ListItem\",\"position\":2,\"name\":\"Botiga\"}]},{\"@type\":\"WebSite\",\"@id\":\"https:\/\/www.ballenlinia.com\/#website\",\"url\":\"https:\/\/www.ballenlinia.com\/\",\"name\":\"Ball en L\u00ednia\",\"description\":\"\",\"potentialAction\":[{\"@type\":\"SearchAction\",\"target\":{\"@type\":\"EntryPoint\",\"urlTemplate\":\"https:\/\/www.ballenlinia.com\/?s={search_term_string}\"},\"query-input\":{\"@type\":\"PropertyValueSpecification\",\"valueRequired\":true,\"valueName\":\"search_term_string\"}}],\"inLanguage\":\"es\"}]}<\/script>\n<!-- \/ Yoast SEO plugin. -->","yoast_head_json":{"title":"Botiga - Ball en L\u00ednia","description":"P\u00e0gina on pot veure tots els productes de la botiga i fer una comanda.","robots":{"index":"index","follow":"follow","max-snippet":"max-snippet:-1","max-image-preview":"max-image-preview:large","max-video-preview":"max-video-preview:-1"},"canonical":"https:\/\/www.ballenlinia.com\/es\/botiga\/","og_locale":"es_ES","og_type":"article","og_title":"Botiga - Ball en L\u00ednia","og_description":"P\u00e0gina on pot veure tots els productes de la botiga i fer una comanda.","og_url":"https:\/\/www.ballenlinia.com\/es\/botiga\/","og_site_name":"Ball en L\u00ednia","article_modified_time":"2025-08-26T17:36:09+00:00","twitter_card":"summary_large_image","twitter_misc":{"Tiempo de lectura":"2 minutos"},"schema":{"@context":"https:\/\/schema.org","@graph":[{"@type":"WebPage","@id":"https:\/\/www.ballenlinia.com\/botiga\/","url":"https:\/\/www.ballenlinia.com\/botiga\/","name":"Botiga - Ball en L\u00ednia","isPartOf":{"@id":"https:\/\/www.ballenlinia.com\/#website"},"datePublished":"2025-05-14T05:23:31+00:00","dateModified":"2025-08-26T17:36:09+00:00","description":"P\u00e0gina on pot veure tots els productes de la botiga i fer una comanda.","breadcrumb":{"@id":"https:\/\/www.ballenlinia.com\/botiga\/#breadcrumb"},"inLanguage":"es","potentialAction":[{"@type":"ReadAction","target":["https:\/\/www.ballenlinia.com\/botiga\/"]}]},{"@type":"BreadcrumbList","@id":"https:\/\/www.ballenlinia.com\/botiga\/#breadcrumb","itemListElement":[{"@type":"ListItem","position":1,"name":"Inici","item":"https:\/\/www.ballenlinia.com\/"},{"@type":"ListItem","position":2,"name":"Botiga"}]},{"@type":"WebSite","@id":"https:\/\/www.ballenlinia.com\/#website","url":"https:\/\/www.ballenlinia.com\/","name":"Ball en L\u00ednia","description":"","potentialAction":[{"@type":"SearchAction","target":{"@type":"EntryPoint","urlTemplate":"https:\/\/www.ballenlinia.com\/?s={search_term_string}"},"query-input":{"@type":"PropertyValueSpecification","valueRequired":true,"valueName":"search_term_string"}}],"inLanguage":"es"}]}},"_links":{"self":[{"href":"https:\/\/www.ballenlinia.com\/es\/wp-json\/wp\/v2\/pages\/24","targetHints":{"allow":["GET"]}}],"collection":[{"href":"https:\/\/www.ballenlinia.com\/es\/wp-json\/wp\/v2\/pages"}],"about":[{"href":"https:\/\/www.ballenlinia.com\/es\/wp-json\/wp\/v2\/types\/page"}],"author":[{"embeddable":true,"href":"https:\/\/www.ballenlinia.com\/es\/wp-json\/wp\/v2\/users\/1"}],"replies":[{"embeddable":true,"href":"https:\/\/www.ballenlinia.com\/es\/wp-json\/wp\/v2\/comments?post=24"}],"version-history":[{"count":29,"href":"https:\/\/www.ballenlinia.com\/es\/wp-json\/wp\/v2\/pages\/24\/revisions"}],"predecessor-version":[{"id":1069,"href":"https:\/\/www.ballenlinia.com\/es\/wp-json\/wp\/v2\/pages\/24\/revisions\/1069"}],"wp:attachment":[{"href":"https:\/\/www.ballenlinia.com\/es\/wp-json\/wp\/v2\/media?parent=24"}],"curies":[{"name":"wp","href":"https:\/\/api.w.org\/{rel}","templated":true}]}}